{"id":222885,"date":"2022-12-16T11:30:33","date_gmt":"2022-12-16T11:30:33","guid":{"rendered":"https:\/\/inspirionbattery.pl\/?page_id=222885"},"modified":"2022-12-16T13:32:47","modified_gmt":"2022-12-16T13:32:47","slug":"glowna","status":"publish","type":"page","link":"https:\/\/inspirionbattery.pl\/","title":{"rendered":"Strona g\u0142\u00f3wna"},"content":{"rendered":"<p>[et_pb_section fb_built=&#8221;1&#8243; admin_label=&#8221;Menu&#8221; _builder_version=&#8221;4.18.0&#8243; _module_preset=&#8221;default&#8221; background_color=&#8221;gcid-c3250bcd-8841-40c3-8a0c-3cb5ed6d3e52&#8243; custom_padding=&#8221;0px||0px||true|false&#8221; collapsed=&#8221;on&#8221; global_colors_info=&#8221;{%22gcid-c3250bcd-8841-40c3-8a0c-3cb5ed6d3e52%22:%91%22background_color%22%93}&#8221;][et_pb_row use_custom_gutter=&#8221;on&#8221; gutter_width=&#8221;1&#8243; make_equal=&#8221;on&#8221; _builder_version=&#8221;4.18.0&#8243; _module_preset=&#8221;default&#8221; custom_padding=&#8221;8px||8px||true|false&#8221; global_colors_info=&#8221;{}&#8221;][et_pb_column type=&#8221;4_4&#8243; _builder_version=&#8221;4.18.0&#8243; _module_preset=&#8221;default&#8221; custom_padding=&#8221;8px||||false|false&#8221; global_colors_info=&#8221;{}&#8221;][\/et_pb_column][\/et_pb_row][\/et_pb_section][et_pb_section fb_built=&#8221;1&#8243; admin_label=&#8221;Header&#8221; _builder_version=&#8221;4.19.3&#8243; _module_preset=&#8221;default&#8221; background_color=&#8221;#101113&#8243; background_image=&#8221;https:\/\/inspirionbattery.pl\/wp-content\/uploads\/2022\/12\/paul-volkmer-qVotvbsuM_c-unsplash-scaled.jpg&#8221; custom_padding=&#8221;||51px||false|false&#8221; collapsed=&#8221;on&#8221; global_colors_info=&#8221;{}&#8221;][et_pb_row column_structure=&#8221;2_3,1_3&#8243; make_equal=&#8221;on&#8221; _builder_version=&#8221;4.18.0&#8243; _module_preset=&#8221;default&#8221; global_colors_info=&#8221;{}&#8221;][et_pb_column type=&#8221;2_3&#8243; _builder_version=&#8221;4.18.0&#8243; _module_preset=&#8221;default&#8221; global_colors_info=&#8221;{}&#8221;][et_pb_text _builder_version=&#8221;4.18.0&#8243; _module_preset=&#8221;b0cd6114-f04a-4608-b489-6e36f2b44385&#8243; header_font=&#8221;Syne|700|||||||&#8221; header_text_color=&#8221;#FFFFFF&#8221; header_font_size=&#8221;120px&#8221; background_layout=&#8221;dark&#8221; custom_margin=&#8221;||0px||false|false&#8221; custom_margin_tablet=&#8221;||30px||false|false&#8221; custom_margin_phone=&#8221;||30px||false|false&#8221; custom_margin_last_edited=&#8221;on|tablet&#8221; header_font_size_tablet=&#8221;40px&#8221; header_font_size_phone=&#8221;24px&#8221; header_font_size_last_edited=&#8221;on|desktop&#8221; global_colors_info=&#8221;%91%93&#8243;]<\/p>\n<h1>Inspirion Battery<\/h1>\n<p>[\/et_pb_text][\/et_pb_column][et_pb_column type=&#8221;1_3&#8243; _builder_version=&#8221;4.18.0&#8243; _module_preset=&#8221;default&#8221; global_colors_info=&#8221;{}&#8221;][\/et_pb_column][\/et_pb_row][et_pb_row column_structure=&#8221;1_2,1_2&#8243; _builder_version=&#8221;4.18.0&#8243; _module_preset=&#8221;default&#8221; global_colors_info=&#8221;{}&#8221;][et_pb_column type=&#8221;1_2&#8243; _builder_version=&#8221;4.18.0&#8243; _module_preset=&#8221;default&#8221; global_colors_info=&#8221;{}&#8221;][\/et_pb_column][et_pb_column type=&#8221;1_2&#8243; _builder_version=&#8221;4.18.0&#8243; _module_preset=&#8221;default&#8221; global_colors_info=&#8221;{}&#8221;][\/et_pb_column][\/et_pb_row][et_pb_row column_structure=&#8221;1_4,1_2,1_4&#8243; use_custom_gutter=&#8221;on&#8221; gutter_width=&#8221;2&#8243; _builder_version=&#8221;4.18.0&#8243; _module_preset=&#8221;default&#8221; custom_padding=&#8221;||0px||false|false&#8221; global_colors_info=&#8221;{}&#8221;][et_pb_column type=&#8221;1_4&#8243; _builder_version=&#8221;4.18.0&#8243; _module_preset=&#8221;default&#8221; custom_padding=&#8221;16%|40px|||false|false&#8221; custom_padding_tablet=&#8221;0%|0px|16vw||false|false&#8221; custom_padding_phone=&#8221;0%||16vw||false|false&#8221; custom_padding_last_edited=&#8221;on|tablet&#8221; global_colors_info=&#8221;{}&#8221;][\/et_pb_column][et_pb_column type=&#8221;1_2&#8243; _builder_version=&#8221;4.18.0&#8243; _module_preset=&#8221;default&#8221; global_colors_info=&#8221;{}&#8221;][et_pb_image src=&#8221;https:\/\/inspirionbattery.pl\/wp-content\/uploads\/2022\/12\/glowny-139-3-pdf.jpg&#8221; title_text=&#8221;glowny 139&#8243; _builder_version=&#8221;4.19.3&#8243; _module_preset=&#8221;default&#8221; transform_scale=&#8221;122%|122%&#8221; width=&#8221;100%&#8221; max_width_tablet=&#8221;400px&#8221; max_width_phone=&#8221;400px&#8221; max_width_last_edited=&#8221;on|tablet&#8221; custom_margin=&#8221;||43px|||&#8221; filter_brightness=&#8221;96%&#8221; global_colors_info=&#8221;{}&#8221;][\/et_pb_image][\/et_pb_column][et_pb_column type=&#8221;1_4&#8243; _builder_version=&#8221;4.18.0&#8243; _module_preset=&#8221;default&#8221; global_colors_info=&#8221;{}&#8221;][\/et_pb_column][\/et_pb_row][\/et_pb_section][et_pb_section fb_built=&#8221;1&#8243; _builder_version=&#8221;4.19.3&#8243; _module_preset=&#8221;default&#8221; background_color=&#8221;#000000&#8243; global_colors_info=&#8221;{}&#8221;][et_pb_row column_structure=&#8221;2_3,1_3&#8243; _builder_version=&#8221;4.19.3&#8243; _module_preset=&#8221;default&#8221; custom_padding=&#8221;||0px|||&#8221; global_colors_info=&#8221;{}&#8221;][et_pb_column type=&#8221;2_3&#8243; _builder_version=&#8221;4.18.0&#8243; _module_preset=&#8221;default&#8221; custom_padding=&#8221;||60px||false|false&#8221; global_colors_info=&#8221;{}&#8221;][et_pb_text _builder_version=&#8221;4.18.0&#8243; _module_preset=&#8221;c69cd737-eb99-45fd-8bb0-5e993f30ab19&#8243; header_2_font=&#8221;Syne|700|||||||&#8221; header_2_font_size=&#8221;80px&#8221; header_2_line_height=&#8221;1.1em&#8221; background_layout=&#8221;dark&#8221; custom_margin=&#8221;|47px||||&#8221; header_2_font_size_tablet=&#8221;32px&#8221; header_2_font_size_phone=&#8221;20px&#8221; header_2_font_size_last_edited=&#8221;on|desktop&#8221; global_colors_info=&#8221;%91%93&#8243;]<\/p>\n<h2>Inspirion Battery<\/h2>\n<p>[\/et_pb_text][et_pb_text _builder_version=&#8221;4.19.3&#8243; _module_preset=&#8221;fec221bb-c7ee-445f-8864-adb7c1bb8f13&#8243; text_font=&#8221;Montserrat||||||||&#8221; text_text_color=&#8221;#FFFFFF&#8221; text_font_size=&#8221;16px&#8221; text_line_height=&#8221;1.6em&#8221; custom_margin=&#8221;|44px||||&#8221; text_font_size_tablet=&#8221;15px&#8221; text_font_size_phone=&#8221;14px&#8221; text_font_size_last_edited=&#8221;on|desktop&#8221; locked=&#8221;off&#8221; global_colors_info=&#8221;%91%93&#8243;]<\/p>\n<p><span style=\"font-size: large;\">T\u0119czowa 57. 53-601 Wroc\u0142aw<\/span><\/p>\n<p><span style=\"font-size: large;\"><\/span><\/p>\n<p><strong>Godziny pracy sklepu:<\/strong><\/p>\n<p>Poniedzia\u0142ek &#8211; Pi\u0105tek<\/p>\n<p>9:00-17:00.<\/p>\n<p>[\/et_pb_text][\/et_pb_column][et_pb_column type=&#8221;1_3&#8243; _builder_version=&#8221;4.18.0&#8243; _module_preset=&#8221;default&#8221; global_colors_info=&#8221;{}&#8221;][et_pb_divider color=&#8221;rgba(255,255,255,0.7)&#8221; divider_position=&#8221;center&#8221; _builder_version=&#8221;4.18.0&#8243; _module_preset=&#8221;default&#8221; custom_margin=&#8221;40px||40px||true|false&#8221; global_colors_info=&#8221;{}&#8221;][\/et_pb_divider][et_pb_text _builder_version=&#8221;4.19.3&#8243; _module_preset=&#8221;b7971181-9ba3-4fa8-8bb7-e23226d83187&#8243; text_font=&#8221;Montserrat||||||||&#8221; text_font_size=&#8221;20px&#8221; text_line_height=&#8221;1.6em&#8221; link_text_color=&#8221;#E7CCA9&#8243; custom_margin=&#8221;||10px||false|false&#8221; custom_padding=&#8221;|||0px||&#8221; text_font_size_tablet=&#8221;15px&#8221; text_font_size_phone=&#8221;14px&#8221; text_font_size_last_edited=&#8221;on|desktop&#8221; locked=&#8221;off&#8221; global_colors_info=&#8221;%91%93&#8243;]<\/p>\n<p><span style=\"color: #ffffff;\">biuro@akumulatoryexpert.pl<\/span><\/p>\n<p>[\/et_pb_text][et_pb_text _builder_version=&#8221;4.19.3&#8243; _module_preset=&#8221;b7971181-9ba3-4fa8-8bb7-e23226d83187&#8243; text_font=&#8221;Montserrat||||||||&#8221; text_text_color=&#8221;#FFFFFF&#8221; text_font_size=&#8221;20px&#8221; text_line_height=&#8221;1.6em&#8221; link_text_color=&#8221;rgba(255,255,255,0.7)&#8221; custom_margin=&#8221;||40px||false|false&#8221; text_font_size_tablet=&#8221;15px&#8221; text_font_size_phone=&#8221;14px&#8221; text_font_size_last_edited=&#8221;on|desktop&#8221; locked=&#8221;off&#8221; global_colors_info=&#8221;%91%93&#8243;]<\/p>\n<p><strong>Telefony:<\/strong><\/p>\n<p><span> +48 664272595. <\/span><\/p>\n<p><span>+48 694474525<\/span><\/p>\n<p>[\/et_pb_text][et_pb_text _builder_version=&#8221;4.19.3&#8243; _module_preset=&#8221;fec221bb-c7ee-445f-8864-adb7c1bb8f13&#8243; text_font=&#8221;Montserrat||||||||&#8221; text_text_color=&#8221;#FFFFFF&#8221; text_font_size=&#8221;16px&#8221; text_line_height=&#8221;1.6em&#8221; link_text_color=&#8221;rgba(255,255,255,0.7)&#8221; custom_margin=&#8221;||10px||false|false&#8221; text_font_size_tablet=&#8221;15px&#8221; text_font_size_phone=&#8221;14px&#8221; text_font_size_last_edited=&#8221;on|desktop&#8221; locked=&#8221;off&#8221; global_colors_info=&#8221;%91%93&#8243; link_text_color__hover=&#8221;#E7CCA9&#8243; link_text_color__hover_enabled=&#8221;on|hover&#8221;][\/et_pb_text][et_pb_social_media_follow _builder_version=&#8221;4.19.3&#8243; _module_preset=&#8221;default&#8221; custom_margin=&#8221;|||-8px|false|false&#8221; custom_padding=&#8221;||||false|false&#8221; global_colors_info=&#8221;{}&#8221;][\/et_pb_social_media_follow][et_pb_icon font_icon=&#8221;&#x21;||divi||400&#8243; icon_color=&#8221;#000000&#8243; icon_width=&#8221;64px&#8221; align=&#8221;left&#8221; _builder_version=&#8221;4.18.0&#8243; _module_preset=&#8221;6c65b599-15cf-4ba2-9ed2-e2501da49ad5&#8243; background_color=&#8221;gcid-8b79cf48-5b98-47c0-96e1-da6600122c60&#8243; custom_margin=&#8221;60px||||false|false&#8221; custom_padding=&#8221;30px|30px|30px|30px|true|true&#8221; border_radii=&#8221;on|500px|500px|500px|500px&#8221; locked=&#8221;off&#8221; global_colors_info=&#8221;{%22gcid-8b79cf48-5b98-47c0-96e1-da6600122c60%22:%91%22background_color%22%93}&#8221;][\/et_pb_icon][\/et_pb_column][\/et_pb_row][\/et_pb_section]<\/p>\n","protected":false},"excerpt":{"rendered":"<p>Inspirion BatteryInspirion BatteryT\u0119czowa 57. 53-601 Wroc\u0142aw Godziny pracy sklepu: Poniedzia\u0142ek &#8211; Pi\u0105tek 9:00-17:00.biuro@akumulatoryexpert.plTelefony: +48 664272595. +48 694474525<\/p>\n","protected":false},"author":1,"featured_media":0,"parent":0,"menu_order":0,"comment_status":"closed","ping_status":"closed","template":"","meta":{"_et_pb_use_builder":"on","_et_pb_old_content":"","_et_gb_content_width":"","footnotes":""},"class_list":["post-222885","page","type-page","status-publish","hentry"],"_links":{"self":[{"href":"https:\/\/inspirionbattery.pl\/index.php\/wp-json\/wp\/v2\/pages\/222885","targetHints":{"allow":["GET"]}}],"collection":[{"href":"https:\/\/inspirionbattery.pl\/index.php\/wp-json\/wp\/v2\/pages"}],"about":[{"href":"https:\/\/inspirionbattery.pl\/index.php\/wp-json\/wp\/v2\/types\/page"}],"author":[{"embeddable":true,"href":"https:\/\/inspirionbattery.pl\/index.php\/wp-json\/wp\/v2\/users\/1"}],"replies":[{"embeddable":true,"href":"https:\/\/inspirionbattery.pl\/index.php\/wp-json\/wp\/v2\/comments?post=222885"}],"version-history":[{"count":32,"href":"https:\/\/inspirionbattery.pl\/index.php\/wp-json\/wp\/v2\/pages\/222885\/revisions"}],"predecessor-version":[{"id":222953,"href":"https:\/\/inspirionbattery.pl\/index.php\/wp-json\/wp\/v2\/pages\/222885\/revisions\/222953"}],"wp:attachment":[{"href":"https:\/\/inspirionbattery.pl\/index.php\/wp-json\/wp\/v2\/media?parent=222885"}],"curies":[{"name":"wp","href":"https:\/\/api.w.org\/{rel}","templated":true}]}}